{"id":165,"date":"2024-01-09T12:12:10","date_gmt":"2024-01-09T12:12:10","guid":{"rendered":"https:\/\/wymownie.pl\/?post_type=product&#038;p=165"},"modified":"2024-02-26T14:08:10","modified_gmt":"2024-02-26T14:08:10","slug":"165","status":"publish","type":"product","link":"https:\/\/wymownie.pl\/index.php\/produkt\/165\/","title":{"rendered":"Sara"},"content":{"rendered":"<ul>\n<li style=\"text-align: center;\">Sara nie jest zwyk\u0142\u0105 ksi\u0105\u017ck\u0105.<br \/>\nTo przesycona dobr\u0105 muzyk\u0105, cynizmem, czarnym humorem, seksem i demonicznym malarstwem opowie\u015b\u0107 o upadku cz\u0142owieka.<br \/>\nWojciech Kunicki jest polonist\u0105 w jednym z gda\u0144skich lice\u00f3w. Uwielbiany przez m\u0142odzie\u017c. Wiecznie skonfliktowany z gronem nauczycielskim. Meloman i koneser samochod\u00f3w z klas\u0105. Wytrawny kobieciarz. Cz\u0142owiek o mrocznej przesz\u0142o\u015bci.<br \/>\nZ grup\u0105 przyjaci\u00f3\u0142 \u0142\u0105cz\u0105 go spotkania pe\u0142ne filozoficznych dysput, eksperymentalnych napoj\u00f3w alkoholowych oraz wyuzdanego seksu.<br \/>\nNa co dzie\u0144 jednak za wszelk\u0105 cen\u0119 stara si\u0119 trzyma\u0107 wyznaczonych przez siebie zasad.<br \/>\nInka, pocz\u0105tkuj\u0105ca rze\u017abiarka, wydaje si\u0119 by\u0107 jego szans\u0105 na stabilizacj\u0119. Na odp\u0119dzenie wewn\u0119trznych demon\u00f3w.<br \/>\nDo czasu&#8230;..<br \/>\nSplot wypadk\u00f3w powoduje, \u017ce Wojciech decyduje si\u0119 odnowi\u0107 kontakty z gangsterskim \u015bwiatem. Z ka\u017cd\u0105 chwil\u0105 bardziej pogr\u0105\u017ca si\u0119 w mroku. Prze\u015bladuj\u0105 go przera\u017caj\u0105ce wizje oraz koszmarne istoty rodem z obraz\u00f3w Boscha i Goi.<br \/>\nNagle w jego \u017cyciu pojawia si\u0119 Sara. Pi\u0119kna, enigmatyczna dziewczyna, kt\u00f3ra wywo\u0142a lawin\u0119 dramatycznych wydarze\u0144.<\/li>\n<\/ul>\n","protected":false},"excerpt":{"rendered":"<p>Przygotuj si\u0119 na mocny wstrz\u0105s. Na emocjonalny&#8230; rollercoaster.<\/p>\n<p>Je\u015bli chcesz dedykacj\u0119 do ksi\u0105\u017cki napisz to w wiadomo\u015bci przy sk\u0142adaniu zam\u00f3wienia.<\/p>\n","protected":false},"featured_media":247,"comment_status":"closed","ping_status":"closed","template":"","meta":{"_eb_attr":"","_uag_custom_page_level_css":"","_kadence_starter_templates_imported_post":false,"_kad_post_transparent":"default","_kad_post_title":"","_kad_post_layout":"default","_kad_post_sidebar_id":"","_kad_post_content_style":"default","_kad_post_vertical_padding":"default","_kad_post_feature":"","_kad_post_feature_position":"","_kad_post_header":false,"_kad_post_footer":false},"product_brand":[],"product_cat":[16],"product_tag":[],"class_list":{"0":"post-165","1":"product","2":"type-product","3":"status-publish","4":"has-post-thumbnail","6":"product_cat-bez-kategorii","8":"first","9":"instock","10":"shipping-taxable","11":"purchasable","12":"product-type-simple","13":"entry","14":"content-bg","15":"loop-entry"},"uagb_featured_image_src":{"full":["https:\/\/wymownie.pl\/wp-content\/uploads\/2024\/02\/1707383691.png",1500,1150,false],"thumbnail":["https:\/\/wymownie.pl\/wp-content\/uploads\/2024\/02\/1707383691-150x150.png",150,150,true],"medium":["https:\/\/wymownie.pl\/wp-content\/uploads\/2024\/02\/1707383691-300x230.png",300,230,true],"medium_large":["https:\/\/wymownie.pl\/wp-content\/uploads\/2024\/02\/1707383691-768x589.png",768,589,true],"large":["https:\/\/wymownie.pl\/wp-content\/uploads\/2024\/02\/1707383691-1024x785.png",1024,785,true],"1536x1536":["https:\/\/wymownie.pl\/wp-content\/uploads\/2024\/02\/1707383691.png",1500,1150,false],"2048x2048":["https:\/\/wymownie.pl\/wp-content\/uploads\/2024\/02\/1707383691.png",1500,1150,false],"woocommerce_thumbnail":["https:\/\/wymownie.pl\/wp-content\/uploads\/2024\/02\/1707383691-600x600.png",600,600,true],"woocommerce_single":["https:\/\/wymownie.pl\/wp-content\/uploads\/2024\/02\/1707383691-1200x920.png",1200,920,true],"woocommerce_gallery_thumbnail":["https:\/\/wymownie.pl\/wp-content\/uploads\/2024\/02\/1707383691-100x100.png",100,100,true]},"uagb_author_info":{"display_name":"admin","author_link":"https:\/\/wymownie.pl\/index.php\/author\/"},"uagb_comment_info":0,"uagb_excerpt":"Przygotuj si\u0119 na mocny wstrz\u0105s. Na emocjonalny... rollercoaster. Je\u015bli chcesz dedykacj\u0119 do ksi\u0105\u017cki napisz to w wiadomo\u015bci przy sk\u0142adaniu zam\u00f3wienia.","_links":{"self":[{"href":"https:\/\/wymownie.pl\/index.php\/wp-json\/wp\/v2\/product\/165","targetHints":{"allow":["GET"]}}],"collection":[{"href":"https:\/\/wymownie.pl\/index.php\/wp-json\/wp\/v2\/product"}],"about":[{"href":"https:\/\/wymownie.pl\/index.php\/wp-json\/wp\/v2\/types\/product"}],"replies":[{"embeddable":true,"href":"https:\/\/wymownie.pl\/index.php\/wp-json\/wp\/v2\/comments?post=165"}],"wp:featuredmedia":[{"embeddable":true,"href":"https:\/\/wymownie.pl\/index.php\/wp-json\/wp\/v2\/media\/247"}],"wp:attachment":[{"href":"https:\/\/wymownie.pl\/index.php\/wp-json\/wp\/v2\/media?parent=165"}],"wp:term":[{"taxonomy":"product_brand","embeddable":true,"href":"https:\/\/wymownie.pl\/index.php\/wp-json\/wp\/v2\/product_brand?post=165"},{"taxonomy":"product_cat","embeddable":true,"href":"https:\/\/wymownie.pl\/index.php\/wp-json\/wp\/v2\/product_cat?post=165"},{"taxonomy":"product_tag","embeddable":true,"href":"https:\/\/wymownie.pl\/index.php\/wp-json\/wp\/v2\/product_tag?post=165"}],"curies":[{"name":"wp","href":"https:\/\/api.w.org\/{rel}","templated":true}]}}