{"id":3,"date":"2024-01-04T09:38:43","date_gmt":"2024-01-04T09:38:43","guid":{"rendered":"https:\/\/wymownie.pl\/?page_id=3"},"modified":"2024-02-08T08:23:45","modified_gmt":"2024-02-08T08:23:45","slug":"privacy-policy","status":"publish","type":"page","link":"https:\/\/wymownie.pl\/index.php\/privacy-policy\/","title":{"rendered":"Polityka prywtano\u015bci"},"content":{"rendered":"\n<p><strong>Informacje og\u00f3lne<\/strong><br>Niniejsza Polityka Prywatno\u015bci okre\u015bla zasady przetwarzania i ochrony danych osobowych<br>przekazanych przez U\u017cytkownik\u00f3w w zwi\u0105zku z korzystaniem przez nich us\u0142ug zakupu poprzez<br>Serwis.<\/p>\n\n\n\n<p>Administratorem danych osobowych zawartych w serwisie jest JUSTYNA PRABUCKA PHOTOGRAPHY<br>W trosce o bezpiecze\u0144stwo powierzonych nam danych opracowali\u015bmy wewn\u0119trzne procedury i<br>zalecenia, kt\u00f3re maj\u0105 zapobiec udost\u0119pnieniu danych osobom nieupowa\u017cnionym. Kontrolujemy ich<br>wykonywanie i stale sprawdzamy ich zgodno\u015b\u0107 z odpowiednimi aktami prawnymi \u2013 ustaw\u0105 o ochronie<br>danych osobowych, ustaw\u0105 o \u015bwiadczeniu us\u0142ug drog\u0105 elektroniczn\u0105, a tak\u017ce wszelkiego rodzaju<br>aktach wykonawczych i aktach prawa wsp\u00f3lnotowego.<\/p>\n\n\n\n<p><br>Dane Osobowe przetwarzane s\u0105 na podstawie zgody wyra\u017canej przez U\u017cytkownika oraz w<br>przypadkach, w kt\u00f3rych przepisy prawa upowa\u017cniaj\u0105 Administratora do przetwarzania danych<br>osobowych na podstawie przepis\u00f3w prawa lub w celu realizacji zawartej pomi\u0119dzy stronami umowy.<br>Serwis realizuje funkcje pozyskiwania informacji o u\u017cytkownikach i ich zachowaniach w nast\u0119puj\u0105cy<br>spos\u00f3b:<\/p>\n\n\n\n<ol class=\"wp-block-list\">\n<li>poprzez dobrowolnie wprowadzone w formularzach informacje<\/li>\n\n\n\n<li>poprzez gromadzenie plik\u00f3w \u201ccookies\u201d [patrz polityka plik\u00f3w \u201c<a href=\"https:\/\/michalwojcikautor.pl\/politique-de-confidentialite\/#Cookies\">Cookies<\/a>\u201d].<\/li>\n<\/ol>\n\n\n\n<p><strong>Serwis zbiera informacje dobrowolnie podane przez u\u017cytkownika.<\/strong><br>Dane podane w formularzu s\u0105 przetwarzane w celu wynikaj\u0105cym z funkcji konkretnego formularza<br>np. w celu dokonania procesu obs\u0142ugi kontaktu informacyjnego<br>Dane osobowe pozostawione w serwisie nie zostan\u0105 sprzedane ani udost\u0119pnione osobom trzecim,<br>zgodnie z przepisami Ustawy o ochronie danych osobowych.<br>Do danych zawartych w formularzu przys\u0142uguje wgl\u0105d osobie fizycznej, kt\u00f3ra je tam umie\u015bci\u0142a. Osoba<br>ta ma r\u00f3wnie\u017c praw do modyfikacji i zaprzestania przetwarzania swoich danych w dowolnym<br>momencie.<br><strong>Zastrzegamy sobie prawo do zmiany w polityce ochrony prywatno\u015bci serwisu<\/strong>, na kt\u00f3re mo\u017ce wp\u0142yn\u0105\u0107<br>rozw\u00f3j technologii internetowej, ewentualne zmiany prawa w zakresie ochrony danych osobowych<br>oraz rozw\u00f3j naszego serwisu internetowego. O wszelkich zmianach b\u0119dziemy informowa\u0107 w spos\u00f3b<br>widoczny i zrozumia\u0142y.<\/p>\n\n\n\n<p>W Serwisie mog\u0105 pojawia\u0107 si\u0119 linki do innych stron internetowych. Takie strony internetowe dzia\u0142aj\u0105<br>niezale\u017cnie od Serwisu i nie s\u0105 w \u017caden spos\u00f3b nadzorowane przez serwis. Strony te mog\u0105 posiada\u0107<br>w\u0142asne polityki dotycz\u0105ce prywatno\u015bci oraz regulaminy, z kt\u00f3rymi zalecamy si\u0119 zapozna\u0107.<br>W razie w\u0105tpliwo\u015bci do kt\u00f3regokolwiek z zapis\u00f3w niniejszej polityki prywatno\u015bci jeste\u015bmy do<br>dyspozycji \u2013 nasze dane znale\u017a\u0107 mo\u017cna w zak\u0142adce \u2013&nbsp;KONTAKT.<\/p>\n\n\n\n<p>POLITYKA PRYWATNO\u015aCI NEWSLETTERA<\/p>\n\n\n\n<p>Administratorem podanych przez Ciebie danych jest JUSTYNA PRABUCKA PHOTOGRAPHY , ul. J\u00f3zefa Wybickiego 25\/1, 83-110 Tczew NIP: 5932496456<\/p>\n\n\n\n<p>&nbsp;NASZE DANE KONTATKOWE<\/p>\n\n\n\n<p>Kontakt z Administratorem jest mo\u017cliwy poprzez adres e- mail <a href=\"mailto:WYMOWNIE.PL@GMAIL.COM\">WYMOWNIE.PL@GMAIL.COM<\/a>, telefonicznie pod numerem 794 219 277 lub adres korespondencyjny ul. ul. J\u00f3zefa Wybickiego 25\/1, 83-110 Tczew<\/p>\n\n\n\n<p>&nbsp;JAKIE DANE PRZETWARZAMY?<\/p>\n\n\n\n<p>Dane osobowe to wszystkie informacje o osobie fizycznej dzi\u0119ki kt\u00f3rej mo\u017ce by\u0107 ona zidentyfikowana. Zg\u0142aszaj\u0105c si\u0119 do otrzymywania Newslettera, nale\u017cy poda\u0107 adres e-mail. Informacje te potrzebne s\u0105 do wysy\u0142ania Newslettera. Przetwarzamy jedynie Tw\u00f3j adres e-mail aby m\u00f3c przes\u0142a\u0107 Ci Newslettera.<\/p>\n\n\n\n<p>CEL PRZETWARZANIA<\/p>\n\n\n\n<p>Twoje dane osobowe s\u0142u\u017c\u0105 nam do cel\u00f3w marketingowych. B\u0119dziemy wysy\u0142a\u0107 do Ciebie wiadomo\u015bci, zawieraj\u0105ce informacje o dost\u0119pnych ofertach, promocjach, wydarzeniach, konkursach i bonusach. W ka\u017cdej chwili mo\u017cesz sprzeciwi\u0107 si\u0119 wykorzystywaniu przez nas Twoich danych osobowych w celach marketingowych, co sprawi, \u017ce zaprzestaniemy wysy\u0142ania naszego Newslettera. Subskrypcja Newslettera jest dobrowolna. Niepodanie adresu e-mail uniemo\u017cliwi nam dostarczanie Ci informacji o naszych aktualnych ofertach.<\/p>\n\n\n\n<p>PODSTAWA PRZETWARZANIA<\/p>\n\n\n\n<p>Podstaw\u0105 prawn\u0105 przetwarzania danych jest zgoda wyra\u017cona przy zapisywaniu si\u0119 do Newslettera (art. 6 ust. 1 lit. a RODO).<\/p>\n\n\n\n<p>OKRES PRZETWARZANIA DANYCH OSOBOWYCH<\/p>\n\n\n\n<p>Twoje dane osobowe b\u0119dziemy przetwarza\u0107 do chwili, gdy zrezygnujesz z subskrypcji Newslettera, tj. skorzystasz z prawa do sprzeciwu wobec dalszego przetwarzania Twoich danych osobowych. Zrezygnowa\u0107 z subskrypcji Newslettera mo\u017cesz w ka\u017cdej chwili, wysy\u0142aj\u0105c informacj\u0119 o rezygnacji na adres e-mail: <a href=\"mailto:WYMOWNIE.PL@GMAIL.COM\">WYMOWNIE.PL@GMAIL.COM<\/a> lub telefonicznie pod numerem 794 219 277.<\/p>\n\n\n\n<p>KOMU PRZEKAZUJEMY DANE OSOBOWE?<\/p>\n\n\n\n<p>Do przetwarzania danych opisanych wykorzystujemy dostawc\u00f3w us\u0142ug technicznych. Twoje dane osobowe mog\u0105 by\u0107 przez nas przekazywane podmiotom zewn\u0119trznym wy\u0142\u0105cznie w celu zwi\u0105zanym z wydawaniem i dystrybucj\u0105 naszego Newslettera. Je\u015bli b\u0119dziemy musieli przekaza\u0107 Twoje dane us\u0142ugodawcy, nast\u0105pi to w ramach realizacji zam\u00f3wienia zgodnie z naszymi instrukcjami.<\/p>\n\n\n\n<p>&nbsp;PROFILOWANIE<\/p>\n\n\n\n<p>Ka\u017cdy Newsletter zawiera losowo przypisany identyfikator. Na podstawie tej identyfikacji mo\u017cemy stwierdzi\u0107, czy i kiedy zosta\u0142 otwarty Newsletter oraz kt\u00f3re linki zosta\u0142y klikni\u0119te i na tej podstawie utworzy\u0107 pseudonimowe profile u\u017cytkownik\u00f3w. Klikaj\u0105c na link w Newsletterze, \u0142\u0105czymy ten profil u\u017cytkowania oparty na technologii plik\u00f3w cookie z pseudonimowymi profilami u\u017cytkowania, kt\u00f3re pojawiaj\u0105 si\u0119 podczas korzystania ze Sklepu Internetowego (np. surfowanie i robienie zakup\u00f3w). Informacje te wykorzystujemy w formie pseudonimu w celu ujednolicenia personalizacji naszego Newslettera, tak aby\u015bmy mogli na przyk\u0142ad sk\u0142ada\u0107 Tobie oferty w biuletynie odpowiadaj\u0105cym poszukiwanym produktom w naszym sklepie internetowym.<\/p>\n\n\n\n<p>TWOJE PRAWA<\/p>\n\n\n\n<p>Masz prawo w ka\u017cdym czasie cofn\u0105\u0107 udzielon\u0105 zgod\u0119. Nie b\u0119dzie to mia\u0142o negatywnych konsekwencji. Po prostu przestaniemy przesy\u0142a\u0107 do Ciebie nasze wiadomo\u015bci marketingowe. Cofni\u0119cie zgody pozostaje oczywi\u015bcie bez wp\u0142ywu na dotychczasowe przetwarzanie, jeszcze na podstawie zgody.<\/p>\n\n\n\n<p>Masz prawo \u017c\u0105da\u0107 dost\u0119pu do swoich danych osobowych, otrzymasz w\u00f3wczas od nas kopi\u0119 informacji osobowych jakie posiadamy. Ma tak\u017ce prawo jak do wniesienia sprzeciwu co do przetwarzania danych osobowych. Sprzeciw w tym zakresie powinien zawiera\u0107 uzasadnienie oraz podlega naszej ocenie czy jest uzasadniony.<\/p>\n\n\n\n<p>Nadto mo\u017cesz \u017c\u0105da\u0107:<\/p>\n\n\n\n<p>\u2013 sprostowania danych osobowych, je\u015bli faktycznie s\u0105 niekompletne lub uleg\u0142y zmianie, usuwamy ewentualne niezgodno\u015bci lub b\u0142\u0119dy dotycz\u0105ce przetwarzanych danych osobowych, uzupe\u0142nimy je lub aktualizujemy,<\/p>\n\n\n\n<p>\u2013 ograniczenia przetwarzania danych osobowych, je\u015bli wniosek jest zasadny, ograniczamy si\u0119 jedynie do czynno\u015bci przechowywania danych, inne operacje przetwarzania danych b\u0119d\u0105 wykluczone,<\/p>\n\n\n\n<p>\u2013 przeniesienia danych osobowych, na tej podstawie wydajemy Tobie dane w formacie pozwalaj\u0105cym na ich odczyt przez komputer lub innymi podmiotowi, je\u015bli o to wnosisz,<\/p>\n\n\n\n<p>\u2013 usuni\u0119cia danych osobowych, usuniemy dane w\u00f3wczas, je\u015bli przetwarzanie nie jest ju\u017c niezb\u0119dne do realizowania \u017cadnego z cel\u00f3w, dla kt\u00f3rych zosta\u0142y zebrane.<\/p>\n\n\n\n<p>Masz r\u00f3wnie\u017c prawo do wniesienia skargi do organu nadzorczego. Funkcj\u0119 organu nadzorczego pe\u0142ni Prezes Urz\u0119du Ochrony Danych Osobowych.<\/p>\n\n\n\n<p>Odpowied\u017a b\u0119dzie udzielana Tobie na adres e-mail z kt\u00f3rego przes\u0142ano wniosek, a w przypadku wniosk\u00f3w skierowanych listownie, listem zwyk\u0142ym na adres wskazany przez Ciebie adres o ile z tre\u015bci listu nie b\u0119dzie wynika\u0142a ch\u0119\u0107 otrzymania informacji zwrotnej na adres e-mail.<\/p>\n\n\n\n<p>ZMIANA POLITYKI PRYWATNO\u015aCI<\/p>\n\n\n\n<p>Wszelkie zmiany do Polityki Prywatno\u015bci Newslettera b\u0119d\u0105 publikowane na stronie internetowej i b\u0119d\u0105 obowi\u0105zywa\u0107 od daty ich publikacji jedynie na przysz\u0142o\u015b\u0107.<\/p>\n\n\n\n<p>Je\u017celi masz jakiekolwiek w\u0105tpliwo\u015bci, pytania lub chcia\u0142by\u015b dowiedzie\u0107 si\u0119 jeszcze wi\u0119cej, pisz: <a href=\"mailto:WYMOWNIE.PL@GMAIL.COM\">WYMOWNIE.PL@GMAIL.COM<\/a> lub telefonicznie pod numerem 794 219 277.<\/p>\n\n\n\n<p>COOKIE POLICY This site uses cookies \u2013 small text files that are placed on your machine to help the site provide a better user experience. In general, cookies are used to retain user preferences, store information for things like shopping carts, and provide anonymised tracking data to third party applications like Google Analytics. As a rule, cookies will make your browsing experience better. However, you may prefer to disable cookies on this site and on others. The most effective way to do this is to disable cookies in your browser. We suggest consulting the Help section of your browser or taking a look at the About Cookies website (https:\/\/www.aboutcookies.org\/) which offers guidance for all modern browsers <strong>POLITYKA COOKIES<\/strong> Strona zbiera w spos\u00f3b automatyczny tylko informacje zawarte w plikach cookies. Pliki (cookies) s\u0105 plikami tekstowymi, kt\u00f3re przechowywane s\u0105 w urz\u0105dzeniu ko\u0144cowym u\u017cytkownika strony. Przeznaczone s\u0105 do korzystania ze stron. Przede wszystkim zawieraj\u0105 nazw\u0119 strony internetowej swojego pochodzenia, sw\u00f3j unikalny numer, czas przechowywania na urz\u0105dzeniu ko\u0144cowym. Operator strony <a href=\"https:\/\/wymownie.pl\">wymownie.pl<\/a>\/ jest podmiotem zamieszczaj\u0105cym na urz\u0105dzeniu ko\u0144cowym swojego u\u017cytkownika pliki cookies oraz maj\u0105cym do nich dost\u0119p. <strong>Operator strony <a href=\"https:\/\/wymownie.pl\">wymownie.pl<\/a> wykorzystuje pliki (cookies) w celu:<\/strong> a) dopasowania zawarto\u015bci strony internetowej do indywidualnych preferencji u\u017cytkownika, przede wszystkim pliki te rozpoznaj\u0105 jego urz\u0105dzenie, aby zgodnie z jego preferencjami wy\u015bwietli\u0107 stron\u0119; b) przygotowywania statystyk pomagaj\u0105cych poznaniu preferencji i zachowa\u0144 u\u017cytkownik\u00f3w, analiza tych statystyk jest anonimowa i umo\u017cliwia dostosowanie zawarto\u015bci i wygl\u0105du stron do panuj\u0105cych trend\u00f3w, statystyki stosuje si\u0119 te\u017c do oceny popularno\u015bci strony; c) mo\u017cliwo\u015bci logowania do strony; d) utrzymania logowania u\u017cytkownika na ka\u017cdej kolejnej stronie. Strona stosuje dwa zasadnicze rodzaje plik\u00f3w (cookies) &#8211; sesyjne i sta\u0142e. Pliki sesyjne s\u0105 tymczasowe, przechowuje si\u0119 je do momentu opuszczenia strony (poprzez wej\u015bcie na inn\u0105 stron\u0119, wylogowanie lub wy\u0142\u0105czenie przegl\u0105darki). Pliki sta\u0142e przechowywane s\u0105 w urz\u0105dzeniu ko\u0144cowym u\u017cytkownika do czasu ich usuni\u0119cia przez u\u017cytkownika lub przez czas wynikaj\u0105cy z ich ustawie\u0144. U\u017cytkownik mo\u017ce w ka\u017cdej chwili dokona\u0107 zmiany ustawie\u0144 swojej przegl\u0105darki, aby zablokowa\u0107 obs\u0142ug\u0119 plik\u00f3w (cookies) lub ka\u017cdorazowo uzyskiwa\u0107 informacje o ich umieszczeniu w swoim urz\u0105dzeniu. Inne dost\u0119pne opcje mo\u017cna sprawdzi\u0107 w ustawieniach swojej przegl\u0105darki internetowej. Nale\u017cy pami\u0119ta\u0107, \u017ce wi\u0119kszo\u015b\u0107 przegl\u0105darek domy\u015blnie jest ustawione na akceptacj\u0119 zapisu plik\u00f3w (cookies)w urz\u0105dzeniu ko\u0144cowym. Operator strony informuje, \u017ce zmiany ustawie\u0144 w przegl\u0105darce internetowej u\u017cytkownika mog\u0105 ograniczy\u0107 dost\u0119p do niekt\u00f3rych funkcji strony internetowej. Pliki (cookies) z kt\u00f3rych korzysta strona(zamieszczane w urz\u0105dzeniu ko\u0144cowym u\u017cytkownika) mog\u0105 by\u0107 udost\u0119pnione jego partnerom oraz wsp\u00f3\u0142pracuj\u0105cym z nim reklamodawc\u0105. Informacje dotycz\u0105ce ustawie\u0144 przegl\u0105darek internetowych dost\u0119pne s\u0105 w jej menu (pomoc) lub na stronie jej producenta.<\/p>\n","protected":false},"excerpt":{"rendered":"<p>Informacje og\u00f3lneNiniejsza Polityka Prywatno\u015bci okre\u015bla zasady przetwarzania i ochrony danych osobowychprzekazanych przez U\u017cytkownik\u00f3w w zwi\u0105zku z korzystaniem przez nich us\u0142ug zakupu poprzezSerwis. Administratorem danych osobowych zawartych w serwisie jest JUSTYNA PRABUCKA PHOTOGRAPHYW trosce o bezpiecze\u0144stwo powierzonych nam danych opracowali\u015bmy wewn\u0119trzne procedury izalecenia, kt\u00f3re maj\u0105 zapobiec udost\u0119pnieniu danych osobom nieupowa\u017cnionym. Kontrolujemy ichwykonywanie i stale sprawdzamy ich&#8230;<\/p>\n","protected":false},"author":1,"featured_media":0,"parent":0,"menu_order":0,"comment_status":"closed","ping_status":"closed","template":"","meta":{"_eb_attr":"","_uag_custom_page_level_css":"","_kadence_starter_templates_imported_post":false,"_kad_post_transparent":"","_kad_post_title":"","_kad_post_layout":"","_kad_post_sidebar_id":"","_kad_post_content_style":"","_kad_post_vertical_padding":"","_kad_post_feature":"","_kad_post_feature_position":"","_kad_post_header":false,"_kad_post_footer":false,"footnotes":""},"class_list":["post-3","page","type-page","status-publish","hentry"],"uagb_featured_image_src":{"full":false,"thumbnail":false,"medium":false,"medium_large":false,"large":false,"1536x1536":false,"2048x2048":false,"woocommerce_thumbnail":false,"woocommerce_single":false,"woocommerce_gallery_thumbnail":false},"uagb_author_info":{"display_name":"admin","author_link":"https:\/\/wymownie.pl\/index.php\/author\/admin\/"},"uagb_comment_info":0,"uagb_excerpt":"Informacje og\u00f3lneNiniejsza Polityka Prywatno\u015bci okre\u015bla zasady przetwarzania i ochrony danych osobowychprzekazanych przez U\u017cytkownik\u00f3w w zwi\u0105zku z korzystaniem przez nich us\u0142ug zakupu poprzezSerwis. Administratorem danych osobowych zawartych w serwisie jest JUSTYNA PRABUCKA PHOTOGRAPHYW trosce o bezpiecze\u0144stwo powierzonych nam danych opracowali\u015bmy wewn\u0119trzne procedury izalecenia, kt\u00f3re maj\u0105 zapobiec udost\u0119pnieniu danych osobom nieupowa\u017cnionym. Kontrolujemy ichwykonywanie i stale sprawdzamy ich...","_links":{"self":[{"href":"https:\/\/wymownie.pl\/index.php\/wp-json\/wp\/v2\/pages\/3","targetHints":{"allow":["GET"]}}],"collection":[{"href":"https:\/\/wymownie.pl\/index.php\/wp-json\/wp\/v2\/pages"}],"about":[{"href":"https:\/\/wymownie.pl\/index.php\/wp-json\/wp\/v2\/types\/page"}],"author":[{"embeddable":true,"href":"https:\/\/wymownie.pl\/index.php\/wp-json\/wp\/v2\/users\/1"}],"replies":[{"embeddable":true,"href":"https:\/\/wymownie.pl\/index.php\/wp-json\/wp\/v2\/comments?post=3"}],"version-history":[{"count":6,"href":"https:\/\/wymownie.pl\/index.php\/wp-json\/wp\/v2\/pages\/3\/revisions"}],"predecessor-version":[{"id":230,"href":"https:\/\/wymownie.pl\/index.php\/wp-json\/wp\/v2\/pages\/3\/revisions\/230"}],"wp:attachment":[{"href":"https:\/\/wymownie.pl\/index.php\/wp-json\/wp\/v2\/media?parent=3"}],"curies":[{"name":"wp","href":"https:\/\/api.w.org\/{rel}","templated":true}]}}