{"id":180,"date":"2024-01-10T08:08:46","date_gmt":"2024-01-10T08:08:46","guid":{"rendered":"https:\/\/wymownie.pl\/?page_id=180"},"modified":"2024-02-23T10:05:52","modified_gmt":"2024-02-23T10:05:52","slug":"kontakt","status":"publish","type":"page","link":"https:\/\/wymownie.pl\/index.php\/kontakt\/","title":{"rendered":"Kontakt"},"content":{"rendered":"<style>.kb-row-layout-id180_bfffc3-b4 > .kt-row-column-wrap{align-content:center;}:where(.kb-row-layout-id180_bfffc3-b4 > .kt-row-column-wrap) > .wp-block-kadence-column{justify-content:center;}.kb-row-layout-id180_bfffc3-b4 > .kt-row-column-wrap{column-gap:var(--global-kb-gap-md, 2rem);row-gap:var(--global-kb-gap-md, 2rem);max-width:var( --global-content-width, 1290px );padding-left:var(--global-content-edge-padding);padding-right:var(--global-content-edge-padding);padding-top:var(--global-kb-spacing-sm, 1.5rem);padding-bottom:var(--global-kb-spacing-xs, 1rem);grid-template-columns:repeat(2, minmax(0, 1fr));}.kb-row-layout-id180_bfffc3-b4{background-image:url('https:\/\/wymownie.pl\/wp-content\/uploads\/2024\/01\/271498493_2264380250381823_8292095304353335721_n.jpg');background-size:cover;background-position:50% 16%;background-attachment:fixed;background-repeat:no-repeat;}.kb-row-layout-id180_bfffc3-b4 > .kt-row-layout-overlay{opacity:0.80;background-color:var(--global-palette1, #3182CE);}.kb-row-layout-id180_bfffc3-b4 ,.kb-row-layout-id180_bfffc3-b4 h1,.kb-row-layout-id180_bfffc3-b4 h2,.kb-row-layout-id180_bfffc3-b4 h3,.kb-row-layout-id180_bfffc3-b4 h4,.kb-row-layout-id180_bfffc3-b4 h5,.kb-row-layout-id180_bfffc3-b4 h6{color:var(--global-palette3, #1A202C);}.kb-row-layout-id180_bfffc3-b4 a{color:var(--global-palette4, #2D3748);}.kb-row-layout-id180_bfffc3-b4 a:hover{color:var(--global-palette5, #4A5568);}@media all and (max-width: 1024px), only screen and (min-device-width: 1024px) and (max-device-width: 1366px) and (-webkit-min-device-pixel-ratio: 2) and (hover: none){.kb-row-layout-id180_bfffc3-b4{background-attachment:scroll;}}@media all and (max-width: 1024px){.kb-row-layout-id180_bfffc3-b4 > .kt-row-column-wrap{grid-template-columns:minmax(0, 1fr);}}@media all and (max-width: 767px){.kb-row-layout-id180_bfffc3-b4 > .kt-row-column-wrap{grid-template-columns:minmax(0, 1fr);}}<\/style><div class=\"kb-row-layout-wrap kb-row-layout-id180_bfffc3-b4 alignfull has-theme-palette8-background-color kt-row-has-bg wp-block-kadence-rowlayout\"><div class=\"kt-row-layout-overlay kt-row-overlay-normal\"><\/div><div class=\"kt-row-column-wrap kt-has-2-columns kt-row-layout-equal kt-tab-layout-row kt-mobile-layout-row kt-row-valign-middle kb-theme-content-width\">\n<style>.kadence-column180_9da6e2-1a > .kt-inside-inner-col,.kadence-column180_9da6e2-1a > .kt-inside-inner-col:before{border-top-left-radius:0px;border-top-right-radius:0px;border-bottom-right-radius:0px;border-bottom-left-radius:0px;}.kadence-column180_9da6e2-1a > .kt-inside-inner-col{column-gap:var(--global-kb-gap-sm, 1rem);}.kadence-column180_9da6e2-1a > .kt-inside-inner-col{flex-direction:column;}.kadence-column180_9da6e2-1a > .kt-inside-inner-col > .aligncenter{width:100%;}.kadence-column180_9da6e2-1a > .kt-inside-inner-col:before{opacity:0.3;}.kadence-column180_9da6e2-1a{position:relative;}@media all and (max-width: 1024px){.kadence-column180_9da6e2-1a > .kt-inside-inner-col{flex-direction:column;justify-content:center;}}@media all and (max-width: 767px){.kadence-column180_9da6e2-1a > .kt-inside-inner-col{flex-direction:column;justify-content:center;}}<\/style>\n<div class=\"wp-block-kadence-column kadence-column180_9da6e2-1a\"><div class=\"kt-inside-inner-col\"><style>.kb-row-layout-id180_f64e56-57 > .kt-row-column-wrap{align-content:start;}:where(.kb-row-layout-id180_f64e56-57 > .kt-row-column-wrap) > .wp-block-kadence-column{justify-content:start;}.kb-row-layout-id180_f64e56-57 > .kt-row-column-wrap{column-gap:var(--global-kb-gap-md, 2rem);row-gap:var(--global-kb-gap-md, 2rem);padding-top:0px;padding-right:0px;padding-bottom:0px;padding-left:0px;grid-template-columns:minmax(0, 1fr);}.kb-row-layout-id180_f64e56-57 > .kt-row-layout-overlay{opacity:0.30;}@media all and (max-width: 1024px){.kb-row-layout-id180_f64e56-57 > .kt-row-column-wrap{padding-right:var(--global-kb-spacing-4xl, 8rem);padding-left:var(--global-kb-spacing-4xl, 8rem);grid-template-columns:minmax(0, 1fr);}}@media all and (max-width: 767px){.kb-row-layout-id180_f64e56-57 > .kt-row-column-wrap{padding-right:0px;padding-left:0px;grid-template-columns:minmax(0, 1fr);}}<\/style><div class=\"kb-row-layout-wrap kb-row-layout-id180_f64e56-57 alignnone wp-block-kadence-rowlayout\"><div class=\"kt-row-column-wrap kt-has-1-columns kt-row-layout-equal kt-tab-layout-inherit kt-mobile-layout-row kt-row-valign-top\">\n<style>.kadence-column180_9578c7-73 > .kt-inside-inner-col,.kadence-column180_9578c7-73 > .kt-inside-inner-col:before{border-top-left-radius:0px;border-top-right-radius:0px;border-bottom-right-radius:0px;border-bottom-left-radius:0px;}.kadence-column180_9578c7-73 > .kt-inside-inner-col{column-gap:var(--global-kb-gap-sm, 1rem);}.kadence-column180_9578c7-73 > .kt-inside-inner-col{flex-direction:column;}.kadence-column180_9578c7-73 > .kt-inside-inner-col > .aligncenter{width:100%;}.kadence-column180_9578c7-73 > .kt-inside-inner-col:before{opacity:0.3;}.kadence-column180_9578c7-73{position:relative;}@media all and (max-width: 1024px){.kadence-column180_9578c7-73 > .kt-inside-inner-col{flex-direction:column;justify-content:center;}}@media all and (max-width: 767px){.kadence-column180_9578c7-73 > .kt-inside-inner-col{flex-direction:column;justify-content:center;}}<\/style>\n<div class=\"wp-block-kadence-column kadence-column180_9578c7-73\"><div class=\"kt-inside-inner-col\"><style>.wp-block-kadence-advancedheading.kt-adv-heading180_139459-df, .wp-block-kadence-advancedheading.kt-adv-heading180_139459-df[data-kb-block=\"kb-adv-heading180_139459-df\"]{margin-top:0px;font-size:var(--global-kb-font-size-xxl, 4rem);line-height:1.2;font-style:normal;}.wp-block-kadence-advancedheading.kt-adv-heading180_139459-df mark.kt-highlight, .wp-block-kadence-advancedheading.kt-adv-heading180_139459-df[data-kb-block=\"kb-adv-heading180_139459-df\"] mark.kt-highlight{font-style:normal;color:#f76a0c;-webkit-box-decoration-break:clone;box-decoration-break:clone;padding-top:0px;padding-right:0px;padding-bottom:0px;padding-left:0px;}.wp-block-kadence-advancedheading.kt-adv-heading180_139459-df img.kb-inline-image, .wp-block-kadence-advancedheading.kt-adv-heading180_139459-df[data-kb-block=\"kb-adv-heading180_139459-df\"] img.kb-inline-image{width:150px;vertical-align:baseline;}@media all and (max-width: 1024px){.wp-block-kadence-advancedheading.kt-adv-heading180_139459-df, .wp-block-kadence-advancedheading.kt-adv-heading180_139459-df[data-kb-block=\"kb-adv-heading180_139459-df\"]{text-align:center!important;}}<\/style>\n<h1 class=\"kt-adv-heading180_139459-df wp-block-kadence-advancedheading has-theme-palette-3-color has-text-color\" data-kb-block=\"kb-adv-heading180_139459-df\"><strong>Masz zlecenie do realizacji?<\/strong><\/h1>\n<\/div><\/div>\n\n<\/div><\/div><\/div><\/div>\n\n\n<style>.kadence-column180_7115ca-0c > .kt-inside-inner-col,.kadence-column180_7115ca-0c > .kt-inside-inner-col:before{border-top-left-radius:0px;border-top-right-radius:0px;border-bottom-right-radius:0px;border-bottom-left-radius:0px;}.kadence-column180_7115ca-0c > .kt-inside-inner-col{column-gap:var(--global-kb-gap-sm, 1rem);}.kadence-column180_7115ca-0c > .kt-inside-inner-col{flex-direction:column;}.kadence-column180_7115ca-0c > .kt-inside-inner-col > .aligncenter{width:100%;}.kadence-column180_7115ca-0c > .kt-inside-inner-col:before{opacity:0.3;}.kadence-column180_7115ca-0c{position:relative;}@media all and (max-width: 1024px){.kadence-column180_7115ca-0c > .kt-inside-inner-col{flex-direction:column;justify-content:center;}}@media all and (max-width: 767px){.kadence-column180_7115ca-0c > .kt-inside-inner-col{flex-direction:column;justify-content:center;}}<\/style>\n<div class=\"wp-block-kadence-column kadence-column180_7115ca-0c\"><div class=\"kt-inside-inner-col\"><style>.kb-row-layout-id180_11bd04-32 > .kt-row-column-wrap{align-content:start;}:where(.kb-row-layout-id180_11bd04-32 > .kt-row-column-wrap) > .wp-block-kadence-column{justify-content:start;}.kb-row-layout-id180_11bd04-32 > .kt-row-column-wrap{column-gap:var(--global-kb-gap-md, 2rem);row-gap:var(--global-kb-gap-md, 2rem);padding-top:0px;padding-right:0px;padding-bottom:0px;padding-left:0px;grid-template-columns:minmax(0, 1fr);}.kb-row-layout-id180_11bd04-32 > .kt-row-layout-overlay{opacity:0.30;}@media all and (max-width: 1024px){.kb-row-layout-id180_11bd04-32 > .kt-row-column-wrap{padding-right:var(--global-kb-spacing-4xl, 8rem);padding-left:var(--global-kb-spacing-4xl, 8rem);grid-template-columns:minmax(0, 1fr);}}@media all and (max-width: 767px){.kb-row-layout-id180_11bd04-32 > .kt-row-column-wrap{padding-right:0px;padding-left:0px;grid-template-columns:minmax(0, 1fr);}}<\/style><div class=\"kb-row-layout-wrap kb-row-layout-id180_11bd04-32 alignnone wp-block-kadence-rowlayout\"><div class=\"kt-row-column-wrap kt-has-1-columns kt-row-layout-equal kt-tab-layout-inherit kt-mobile-layout-row kt-row-valign-top\">\n<style>.kadence-column180_377708-4c > .kt-inside-inner-col,.kadence-column180_377708-4c > .kt-inside-inner-col:before{border-top-left-radius:0px;border-top-right-radius:0px;border-bottom-right-radius:0px;border-bottom-left-radius:0px;}.kadence-column180_377708-4c > .kt-inside-inner-col{column-gap:var(--global-kb-gap-sm, 1rem);}.kadence-column180_377708-4c > .kt-inside-inner-col{flex-direction:column;}.kadence-column180_377708-4c > .kt-inside-inner-col > .aligncenter{width:100%;}.kadence-column180_377708-4c > .kt-inside-inner-col:before{opacity:0.3;}.kadence-column180_377708-4c{position:relative;}@media all and (max-width: 1024px){.kadence-column180_377708-4c > .kt-inside-inner-col{flex-direction:column;justify-content:center;}}@media all and (max-width: 767px){.kadence-column180_377708-4c > .kt-inside-inner-col{flex-direction:column;justify-content:center;}}<\/style>\n<div class=\"wp-block-kadence-column kadence-column180_377708-4c\"><div class=\"kt-inside-inner-col\">\n<p class=\"has-text-align-center has-theme-palette-3-color has-text-color has-link-color wp-elements-dc6e880260397c71d579c407f754dd69\"><strong>Zapraszam na maila.<\/strong><br>Tu mamy wszystko czarno na bia\u0142ym i nigdy nie ma \u017cadnych niedom\u00f3wie\u0144.<br>Po prostu.<br><a href=\"mailto:WYMOWNIE.PL@GMAIL.COM\">WYMOWNIE.PL@GMAIL.COM<\/a><\/p>\n\n\n\n<p class=\"has-text-align-center\"><strong>Potrzebujesz szybkiego om\u00f3wienia szczeg\u00f3\u0142\u00f3w projektu?<\/strong><br>Dzwo\u0144 \u015bmia\u0142o.<br>TELEFON: 794 219 277<\/p>\n\n\n\n<p class=\"has-text-align-center has-theme-palette-3-color has-text-color has-link-color wp-elements-90541ae7bcac1b1810fd895e66419f54\"><strong>Szybki research w social mediach?<\/strong><br>Znajdziesz mnie na&nbsp;<a href=\"https:\/\/www.facebook.com\/kamilprabucki.wymownie\" target=\"_blank\" rel=\"noreferrer noopener\">Facebooku<\/a>,&nbsp;<a href=\"https:\/\/www.instagram.com\/kamil_prabucki_wymownie.pl\/\" target=\"_blank\" rel=\"noreferrer noopener\">Instagramie<\/a>,&nbsp;<a href=\"https:\/\/www.youtube.com\/@KamilPrabucki\" target=\"_blank\" rel=\"noreferrer noopener\">YouTube&nbsp;<\/a>i&nbsp;<a href=\"https:\/\/www.tiktok.com\/@wymownie.pl\" target=\"_blank\" rel=\"noreferrer noopener\">TikToku<\/a>.<br>Wyst\u0119puj\u0119 jako Kamil Prabucki i\/lub Wymownie.pl<\/p>\n\n\n\n<p class=\"has-text-align-center\"><strong>Lubisz kaw\u0119?<\/strong><br>W takim razie na pewno si\u0119 dogadamy.<br>Zapraszam do BunkierStudia.<br>Tczew, ul. Wybickiego 25\/1<\/p>\n<\/div><\/div>\n\n<\/div><\/div><\/div><\/div>\n\n<\/div><\/div>","protected":false},"excerpt":{"rendered":"<p>Masz zlecenie do realizacji? Zapraszam na maila.Tu mamy wszystko czarno na bia\u0142ym i nigdy nie ma \u017cadnych niedom\u00f3wie\u0144.Po prostu.WYMOWNIE.PL@GMAIL.COM Potrzebujesz szybkiego om\u00f3wienia szczeg\u00f3\u0142\u00f3w projektu?Dzwo\u0144 \u015bmia\u0142o.TELEFON: 794 219 277 Szybki research w social mediach?Znajdziesz mnie na&nbsp;Facebooku,&nbsp;Instagramie,&nbsp;YouTube&nbsp;i&nbsp;TikToku.Wyst\u0119puj\u0119 jako Kamil Prabucki i\/lub Wymownie.pl Lubisz kaw\u0119?W takim razie na pewno si\u0119 dogadamy.Zapraszam do BunkierStudia.Tczew, ul. Wybickiego 25\/1<\/p>\n","protected":false},"author":1,"featured_media":0,"parent":0,"menu_order":0,"comment_status":"closed","ping_status":"closed","template":"","meta":{"_eb_attr":"","_uag_custom_page_level_css":"","_kadence_starter_templates_imported_post":false,"_kad_post_transparent":"disable","_kad_post_title":"hide","_kad_post_layout":"","_kad_post_sidebar_id":"","_kad_post_content_style":"","_kad_post_vertical_padding":"","_kad_post_feature":"","_kad_post_feature_position":"","_kad_post_header":false,"_kad_post_footer":false,"footnotes":""},"class_list":["post-180","page","type-page","status-publish","hentry"],"uagb_featured_image_src":{"full":false,"thumbnail":false,"medium":false,"medium_large":false,"large":false,"1536x1536":false,"2048x2048":false,"woocommerce_thumbnail":false,"woocommerce_single":false,"woocommerce_gallery_thumbnail":false},"uagb_author_info":{"display_name":"admin","author_link":"https:\/\/wymownie.pl\/index.php\/author\/admin\/"},"uagb_comment_info":0,"uagb_excerpt":"Masz zlecenie do realizacji? Zapraszam na maila.Tu mamy wszystko czarno na bia\u0142ym i nigdy nie ma \u017cadnych niedom\u00f3wie\u0144.Po prostu.WYMOWNIE.PL@GMAIL.COM Potrzebujesz szybkiego om\u00f3wienia szczeg\u00f3\u0142\u00f3w projektu?Dzwo\u0144 \u015bmia\u0142o.TELEFON: 794 219 277 Szybki research w social mediach?Znajdziesz mnie na&nbsp;Facebooku,&nbsp;Instagramie,&nbsp;YouTube&nbsp;i&nbsp;TikToku.Wyst\u0119puj\u0119 jako Kamil Prabucki i\/lub Wymownie.pl Lubisz kaw\u0119?W takim razie na pewno si\u0119 dogadamy.Zapraszam do BunkierStudia.Tczew, ul. Wybickiego 25\/1","_links":{"self":[{"href":"https:\/\/wymownie.pl\/index.php\/wp-json\/wp\/v2\/pages\/180","targetHints":{"allow":["GET"]}}],"collection":[{"href":"https:\/\/wymownie.pl\/index.php\/wp-json\/wp\/v2\/pages"}],"about":[{"href":"https:\/\/wymownie.pl\/index.php\/wp-json\/wp\/v2\/types\/page"}],"author":[{"embeddable":true,"href":"https:\/\/wymownie.pl\/index.php\/wp-json\/wp\/v2\/users\/1"}],"replies":[{"embeddable":true,"href":"https:\/\/wymownie.pl\/index.php\/wp-json\/wp\/v2\/comments?post=180"}],"version-history":[{"count":5,"href":"https:\/\/wymownie.pl\/index.php\/wp-json\/wp\/v2\/pages\/180\/revisions"}],"predecessor-version":[{"id":286,"href":"https:\/\/wymownie.pl\/index.php\/wp-json\/wp\/v2\/pages\/180\/revisions\/286"}],"wp:attachment":[{"href":"https:\/\/wymownie.pl\/index.php\/wp-json\/wp\/v2\/media?parent=180"}],"curies":[{"name":"wp","href":"https:\/\/api.w.org\/{rel}","templated":true}]}}